{"id":11396,"date":"2025-07-18T16:01:42","date_gmt":"2025-07-18T16:01:42","guid":{"rendered":"https:\/\/millecenta.com\/permanentmakeup\/?page_id=11396"},"modified":"2025-07-18T16:01:43","modified_gmt":"2025-07-18T16:01:43","slug":"kontakt","status":"publish","type":"page","link":"https:\/\/millecenta.com\/permanentmakeup\/de\/kontakt\/","title":{"rendered":"Kontakt"},"content":{"rendered":"\n<p class=\"has-background\" style=\"background-color:#f5b8f2\"><strong>Wroc\u0142aw, Polen<\/strong><br>Individuelle Behandlungen nur nach Terminvereinbarung.<\/p>\n\n\n\n<p>Ich biete keine Spontanbesuche an \u2013 jede Behandlung beginnt mit einer pers\u00f6nlichen Beratung.<br>Bitte planen Sie f\u00fcr medizinische Pigmentierungen oder besondere F\u00e4lle (z.\u202fB. Areola, Narben, Lippen nach Operationen) ausreichend Zeit f\u00fcr Vorbereitung und Nachsorge ein.<\/p>\n\n\n\n<p>Zum Schutz Ihrer Gesundheit wird f\u00fcr jede Kundin und jeden Kunden ein individuelles Hygiene- und Infektionsschutzkonzept umgesetzt \u2013 sowohl vor als auch nach dem Besuch im Studio.<br><strong>Ihre Sicherheit und Ihr Wohlbefinden haben f\u00fcr uns h\u00f6chste Priorit\u00e4t.<\/strong><\/p>\n\n\n\n<p>Die Betreuung im Studio erfolgt ausschlie\u00dflich individuell und nur nach vorheriger Terminvereinbarung \u2013 gem\u00e4\u00df den COVID-19-Sicherheitsrichtlinien der Stadt Wroc\u0142aw.<\/p>\n\n\n\n<figure class=\"wp-block-embed is-type-wp-embed is-provider-maquillage-permanent wp-block-embed-maquillage-permanent\"><div class=\"wp-block-embed__wrapper\">\n<blockquote class=\"wp-embedded-content\" data-secret=\"Kw7tuJlRpC\"><a href=\"https:\/\/millecenta.com\/permanentmakeup\/de\/millecenta-alesya-khokhlova-2\/\">Millecenta (Alesya Khokhlova)<\/a><\/blockquote><iframe loading=\"lazy\" class=\"wp-embedded-content\" sandbox=\"allow-scripts\" security=\"restricted\" style=\"position: absolute; clip: rect(1px, 1px, 1px, 1px);\" title=\"\u00abMillecenta (Alesya Khokhlova)\u00bb &#8212; Maquillage permanent\" src=\"https:\/\/millecenta.com\/permanentmakeup\/de\/millecenta-alesya-khokhlova-2\/embed\/#?secret=XsdhHOFgeU#?secret=Kw7tuJlRpC\" data-secret=\"Kw7tuJlRpC\" width=\"600\" height=\"338\" frameborder=\"0\" marginwidth=\"0\" marginheight=\"0\" scrolling=\"no\"><\/iframe>\n<\/div><\/figure>\n\n\n\n<figure class=\"wp-block-embed is-type-wp-embed is-provider-maquillage-permanent wp-block-embed-maquillage-permanent\"><div class=\"wp-block-embed__wrapper\">\n<blockquote class=\"wp-embedded-content\" data-secret=\"xpfhC8hAkm\"><a href=\"https:\/\/millecenta.com\/permanentmakeup\/de\/preise-beratung\/\">Preise &#038; Beratung<\/a><\/blockquote><iframe loading=\"lazy\" class=\"wp-embedded-content\" sandbox=\"allow-scripts\" security=\"restricted\" style=\"position: absolute; clip: rect(1px, 1px, 1px, 1px);\" title=\"\u00abPreise &#038; Beratung\u00bb &#8212; Maquillage permanent\" src=\"https:\/\/millecenta.com\/permanentmakeup\/de\/preise-beratung\/embed\/#?secret=PxgE07hqwY#?secret=xpfhC8hAkm\" data-secret=\"xpfhC8hAkm\" width=\"600\" height=\"338\" frameborder=\"0\" marginwidth=\"0\" marginheight=\"0\" scrolling=\"no\"><\/iframe>\n<\/div><\/figure>\n\n\n\n<h3 class=\"wp-block-heading\" id=\"h-kontakt-zur-terminvereinbarung\">Kontakt zur Terminvereinbarung<\/h3>\n\n\n\n<p>Kontaktieren Sie mich gerne \u00fcber den\u00a0gr\u00fcnen Button unten.<br>Reservierung bevorzugt per<strong><strong> WhatsApp:<\/strong><\/strong><\/p>\n\n\n\n<p><strong>WhatsApp<\/strong>:\u00a0<a>506 679 358<\/a><br><strong>E-Mail<\/strong>:\u00a0<a>millecenta@icloud.com<\/a><\/p>\n\n\n\n<p>Ich beantworte alle Nachrichten pers\u00f6nlich. Sollten Sie mich w\u00e4hrend einer Behandlung nicht erreichen, hinterlassen Sie bitte eine Nachricht \u2013 ich melde mich so bald wie m\u00f6glich zur\u00fcck.<\/p>\n\n\n\n<p><\/p>\n\n\n\n<div class=\"wp-block-columns is-layout-flex wp-container-core-columns-is-layout-9d6595d7 wp-block-columns-is-layout-flex\">\n<div class=\"wp-block-column is-layout-flow wp-block-column-is-layout-flow\" style=\"flex-basis:100%\">\n<div class=\"wp-block-group\"><div class=\"wp-block-group__inner-container is-layout-flow wp-block-group-is-layout-flow\">\n<a href=\"https:\/\/instagram.com\/pmu.school.online\"><svg class=\"icon icon-instagram\" aria-hidden=\"true\" role=\"img\" style=\"width:10%;\"> <use xlink:href=\"https:\/\/millecenta.com\/permanentmakeup\/wp-content\/themes\/donovan\/assets\/icons\/social-icons.svg#icon-instagram\"><\/use><\/svg><\/a>\n<a href=\"https:\/\/facebook.com\/pmu.school.online\"><svg class=\"icon icon-facebook\" aria-hidden=\"true\" role=\"img\" style=\"width:10%;\"><use xlink:href=\"https:\/\/millecenta.com\/permanentmakeup\/wp-content\/themes\/donovan\/assets\/icons\/social-icons.svg#icon-facebook\"><\/use><\/svg><\/a>\n<\/div><\/div>\n<\/div>\n<\/div>\n<p><a href=\"\/\/www.pinterest.com\/pin\/create\/button\/\" data-pin-do=\"buttonBookmark\" data-pin-color=\"red\" data-pin-height=\"128\"><img decoding=\"async\" src=\"\/\/assets.pinterest.com\/images\/pidgets\/pinit_fg_en_rect_red_28.png\" \/><\/a><\/p>","protected":false},"excerpt":{"rendered":"<p>Wroc\u0142aw, PolenIndividuelle Behandlungen nur nach Terminvereinbarung. Ich biete keine Spontanbesuche an \u2013 jede Behandlung beginnt mit einer pers\u00f6nlichen Beratung.Bitte planen<\/p>\n","protected":false},"author":2,"featured_media":0,"parent":0,"menu_order":0,"comment_status":"closed","ping_status":"closed","template":"","meta":{"_joinchat":[],"footnotes":""},"class_list":["post-11396","page","type-page","status-publish","hentry","comments-off"],"yoast_head":"<!-- This site is optimized with the Yoast SEO plugin v27.3 - https:\/\/yoast.com\/product\/yoast-seo-wordpress\/ -->\n<title>Kontakt - Maquillage permanent<\/title>\n<meta name=\"description\" content=\"PMU in Wroc\u0142aw \u2013 Kontakt f\u00fcr medizinisches PMU und Dermopigmentierung der Areola. Individuelle Behandlung nach Terminvereinbarung.\" \/>\n<meta name=\"robots\" content=\"index, follow, max-snippet:-1, max-image-preview:large, max-video-preview:-1\" \/>\n<link rel=\"canonical\" href=\"https:\/\/millecenta.com\/permanentmakeup\/de\/kontakt\/\" \/>\n<meta property=\"og:locale\" content=\"ru_RU\" \/>\n<meta property=\"og:type\" content=\"article\" \/>\n<meta property=\"og:title\" content=\"Kontakt - Maquillage permanent\" \/>\n<meta property=\"og:description\" content=\"PMU in Wroc\u0142aw \u2013 Kontakt f\u00fcr medizinisches PMU und Dermopigmentierung der Areola. Individuelle Behandlung nach Terminvereinbarung.\" \/>\n<meta property=\"og:url\" content=\"https:\/\/millecenta.com\/permanentmakeup\/de\/kontakt\/\" \/>\n<meta property=\"og:site_name\" content=\"Maquillage permanent\" \/>\n<meta property=\"article:publisher\" content=\"https:\/\/facebook.com\/pmu.school.online\/\" \/>\n<meta property=\"article:modified_time\" content=\"2025-07-18T16:01:43+00:00\" \/>\n<meta name=\"twitter:card\" content=\"summary_large_image\" \/>\n<meta name=\"twitter:label1\" content=\"\u041f\u0440\u0438\u043c\u0435\u0440\u043d\u043e\u0435 \u0432\u0440\u0435\u043c\u044f \u0434\u043b\u044f \u0447\u0442\u0435\u043d\u0438\u044f\" \/>\n\t<meta name=\"twitter:data1\" content=\"1 \u043c\u0438\u043d\u0443\u0442\u0430\" \/>\n<script type=\"application\/ld+json\" class=\"yoast-schema-graph\">{\"@context\":\"https:\\\/\\\/schema.org\",\"@graph\":[{\"@type\":\"WebPage\",\"@id\":\"https:\\\/\\\/millecenta.com\\\/permanentmakeup\\\/de\\\/kontakt\\\/\",\"url\":\"https:\\\/\\\/millecenta.com\\\/permanentmakeup\\\/de\\\/kontakt\\\/\",\"name\":\"Kontakt - Maquillage permanent\",\"isPartOf\":{\"@id\":\"https:\\\/\\\/millecenta.com\\\/permanentmakeup\\\/#website\"},\"datePublished\":\"2025-07-18T16:01:42+00:00\",\"dateModified\":\"2025-07-18T16:01:43+00:00\",\"description\":\"PMU in Wroc\u0142aw \u2013 Kontakt f\u00fcr medizinisches PMU und Dermopigmentierung der Areola. Individuelle Behandlung nach Terminvereinbarung.\",\"breadcrumb\":{\"@id\":\"https:\\\/\\\/millecenta.com\\\/permanentmakeup\\\/de\\\/kontakt\\\/#breadcrumb\"},\"inLanguage\":\"ru-RU\",\"potentialAction\":[{\"@type\":\"ReadAction\",\"target\":[\"https:\\\/\\\/millecenta.com\\\/permanentmakeup\\\/de\\\/kontakt\\\/\"]}]},{\"@type\":\"BreadcrumbList\",\"@id\":\"https:\\\/\\\/millecenta.com\\\/permanentmakeup\\\/de\\\/kontakt\\\/#breadcrumb\",\"itemListElement\":[{\"@type\":\"ListItem\",\"position\":1,\"name\":\"Hauptseite\",\"item\":\"https:\\\/\\\/millecenta.com\\\/permanentmakeup\\\/\"},{\"@type\":\"ListItem\",\"position\":2,\"name\":\"Kontakt\"}]},{\"@type\":\"WebSite\",\"@id\":\"https:\\\/\\\/millecenta.com\\\/permanentmakeup\\\/#website\",\"url\":\"https:\\\/\\\/millecenta.com\\\/permanentmakeup\\\/\",\"name\":\"Maquillage permanent\",\"description\":\"Studio de tatouage Millecenta\",\"potentialAction\":[{\"@type\":\"SearchAction\",\"target\":{\"@type\":\"EntryPoint\",\"urlTemplate\":\"https:\\\/\\\/millecenta.com\\\/permanentmakeup\\\/?s={search_term_string}\"},\"query-input\":{\"@type\":\"PropertyValueSpecification\",\"valueRequired\":true,\"valueName\":\"search_term_string\"}}],\"inLanguage\":\"ru-RU\"}]}<\/script>\n<!-- \/ Yoast SEO plugin. -->","yoast_head_json":{"title":"Kontakt - Maquillage permanent","description":"PMU in Wroc\u0142aw \u2013 Kontakt f\u00fcr medizinisches PMU und Dermopigmentierung der Areola. Individuelle Behandlung nach Terminvereinbarung.","robots":{"index":"index","follow":"follow","max-snippet":"max-snippet:-1","max-image-preview":"max-image-preview:large","max-video-preview":"max-video-preview:-1"},"canonical":"https:\/\/millecenta.com\/permanentmakeup\/de\/kontakt\/","og_locale":"ru_RU","og_type":"article","og_title":"Kontakt - Maquillage permanent","og_description":"PMU in Wroc\u0142aw \u2013 Kontakt f\u00fcr medizinisches PMU und Dermopigmentierung der Areola. Individuelle Behandlung nach Terminvereinbarung.","og_url":"https:\/\/millecenta.com\/permanentmakeup\/de\/kontakt\/","og_site_name":"Maquillage permanent","article_publisher":"https:\/\/facebook.com\/pmu.school.online\/","article_modified_time":"2025-07-18T16:01:43+00:00","twitter_card":"summary_large_image","twitter_misc":{"\u041f\u0440\u0438\u043c\u0435\u0440\u043d\u043e\u0435 \u0432\u0440\u0435\u043c\u044f \u0434\u043b\u044f \u0447\u0442\u0435\u043d\u0438\u044f":"1 \u043c\u0438\u043d\u0443\u0442\u0430"},"schema":{"@context":"https:\/\/schema.org","@graph":[{"@type":"WebPage","@id":"https:\/\/millecenta.com\/permanentmakeup\/de\/kontakt\/","url":"https:\/\/millecenta.com\/permanentmakeup\/de\/kontakt\/","name":"Kontakt - Maquillage permanent","isPartOf":{"@id":"https:\/\/millecenta.com\/permanentmakeup\/#website"},"datePublished":"2025-07-18T16:01:42+00:00","dateModified":"2025-07-18T16:01:43+00:00","description":"PMU in Wroc\u0142aw \u2013 Kontakt f\u00fcr medizinisches PMU und Dermopigmentierung der Areola. Individuelle Behandlung nach Terminvereinbarung.","breadcrumb":{"@id":"https:\/\/millecenta.com\/permanentmakeup\/de\/kontakt\/#breadcrumb"},"inLanguage":"ru-RU","potentialAction":[{"@type":"ReadAction","target":["https:\/\/millecenta.com\/permanentmakeup\/de\/kontakt\/"]}]},{"@type":"BreadcrumbList","@id":"https:\/\/millecenta.com\/permanentmakeup\/de\/kontakt\/#breadcrumb","itemListElement":[{"@type":"ListItem","position":1,"name":"Hauptseite","item":"https:\/\/millecenta.com\/permanentmakeup\/"},{"@type":"ListItem","position":2,"name":"Kontakt"}]},{"@type":"WebSite","@id":"https:\/\/millecenta.com\/permanentmakeup\/#website","url":"https:\/\/millecenta.com\/permanentmakeup\/","name":"Maquillage permanent","description":"Studio de tatouage Millecenta","potentialAction":[{"@type":"SearchAction","target":{"@type":"EntryPoint","urlTemplate":"https:\/\/millecenta.com\/permanentmakeup\/?s={search_term_string}"},"query-input":{"@type":"PropertyValueSpecification","valueRequired":true,"valueName":"search_term_string"}}],"inLanguage":"ru-RU"}]}},"_links":{"self":[{"href":"https:\/\/millecenta.com\/permanentmakeup\/wp-json\/wp\/v2\/pages\/11396","targetHints":{"allow":["GET"]}}],"collection":[{"href":"https:\/\/millecenta.com\/permanentmakeup\/wp-json\/wp\/v2\/pages"}],"about":[{"href":"https:\/\/millecenta.com\/permanentmakeup\/wp-json\/wp\/v2\/types\/page"}],"author":[{"embeddable":true,"href":"https:\/\/millecenta.com\/permanentmakeup\/wp-json\/wp\/v2\/users\/2"}],"replies":[{"embeddable":true,"href":"https:\/\/millecenta.com\/permanentmakeup\/wp-json\/wp\/v2\/comments?post=11396"}],"version-history":[{"count":2,"href":"https:\/\/millecenta.com\/permanentmakeup\/wp-json\/wp\/v2\/pages\/11396\/revisions"}],"predecessor-version":[{"id":11398,"href":"https:\/\/millecenta.com\/permanentmakeup\/wp-json\/wp\/v2\/pages\/11396\/revisions\/11398"}],"wp:attachment":[{"href":"https:\/\/millecenta.com\/permanentmakeup\/wp-json\/wp\/v2\/media?parent=11396"}],"curies":[{"name":"wp","href":"https:\/\/api.w.org\/{rel}","templated":true}]}}